{"id":11,"date":"2014-12-27T08:40:09","date_gmt":"2014-12-27T16:40:09","guid":{"rendered":"http:\/\/artelectronicmedia.com\/hakkinda\/"},"modified":"2014-12-27T08:40:09","modified_gmt":"2014-12-27T16:40:09","slug":"hakkinda","status":"publish","type":"page","link":"https:\/\/artelectronicmedia.com\/tr\/hakkinda\/","title":{"rendered":"Hakk\u0131nda"},"content":{"rendered":"<p><img fetchpriority=\"high\" decoding=\"async\" alt=\"compArtssemphoto09.jpg\" height=\"379\" src=\"\/wp-content\/uploads\/images\/u5\/compArtssemphoto09.jpg\" width=\"600\" \/><\/p>\n<p>Sanat ve Teknoloji &Ccedil;evrimi&ccedil;i rehberi <a href=\"http:\/\/viola.informatik.uni-bremen.de\/typo\/\">Bremen &Uuml;niversitesi compArt Dijital Sanat Merkezi&#39;nde<\/a> d&uuml;zenlenen bir haftalik bir y&uuml;ksek lisans seminerinde bir proje olarak ortaya &ccedil;\u0131kt\u0131. Onyedi &ouml;\u011frenci bir araya gelerek web aray&uuml;z&uuml;n&uuml; ve ba\u015flang\u0131&ccedil; i&ccedil;eri\u011fini olu\u015fturdu. A&ccedil;\u0131k&ccedil;as\u0131 site son derece i\u015fbirllik&ccedil;i bir s&uuml;re&ccedil;te i&ccedil;erik &uuml;retimi ve web sayfas\u0131 tasar\u0131m\u0131n\u0131n birbirini desteklemesiyle olu\u015ftu &#8211; ve olu\u015fmaya devam edecek. &Ouml;nc&uuml; Drupal geli\u015ftiricileri Walter Jenner ve Tim Mundt, Cristina Botta, Marten M&uuml;ller, Ryan Scoville, Jan Smeddinck&#39;e ek olarak ba\u015fkalar\u0131 da sitenin mimari ve tasar\u0131m\u0131na katk\u0131da bulundu. Seminerin di\u011fer &uuml;yeleri Muhammad Abu Hasan, Yuling Chen, Vanessa Cort&eacute;s, Leonardo De Ara&uacute;jo, Andre Hoffmann, Isabella Lomanto, Marten M&uuml;ller, Adeel Naveed, Thamya Rocha, Jan Smeddinck, Hemant Sreekumar, Leen Touma, Chris Trappe, Jana Wedekind idi.<\/p>\n<p>Daha fazla bilgi i&ccedil;in <a href=\"mailto:wizard%40artelectronicmedia.com\">webmaster<\/a> ile ba\u011flant\u0131ya ge&ccedil;ebilirsiniz.<\/p>\n","protected":false},"excerpt":{"rendered":"<p><img fetchpriority=\"high\" decoding=\"async\" alt=\"compArtssemphoto09.jpg\" height=\"379\" src=\"\/wp-content\/uploads\/images\/u5\/compArtssemphoto09.jpg\" width=\"600\" \/><\/p>\n","protected":false},"author":1,"featured_media":0,"parent":0,"menu_order":0,"comment_status":"open","ping_status":"closed","template":"","meta":{"footnotes":""},"class_list":["post-11","page","type-page","status-publish","hentry"],"_links":{"self":[{"href":"https:\/\/artelectronicmedia.com\/tr\/wp-json\/wp\/v2\/pages\/11","targetHints":{"allow":["GET"]}}],"collection":[{"href":"https:\/\/artelectronicmedia.com\/tr\/wp-json\/wp\/v2\/pages"}],"about":[{"href":"https:\/\/artelectronicmedia.com\/tr\/wp-json\/wp\/v2\/types\/page"}],"author":[{"embeddable":true,"href":"https:\/\/artelectronicmedia.com\/tr\/wp-json\/wp\/v2\/users\/1"}],"replies":[{"embeddable":true,"href":"https:\/\/artelectronicmedia.com\/tr\/wp-json\/wp\/v2\/comments?post=11"}],"version-history":[{"count":0,"href":"https:\/\/artelectronicmedia.com\/tr\/wp-json\/wp\/v2\/pages\/11\/revisions"}],"wp:attachment":[{"href":"https:\/\/artelectronicmedia.com\/tr\/wp-json\/wp\/v2\/media?parent=11"}],"curies":[{"name":"wp","href":"https:\/\/api.w.org\/{rel}","templated":true}]}}