{"id":3208,"date":"2020-10-18T22:36:28","date_gmt":"2020-10-19T06:36:28","guid":{"rendered":"https:\/\/artelectronicmedia.com\/pagina-principal\/"},"modified":"2021-01-04T01:17:23","modified_gmt":"2021-01-04T09:17:23","slug":"pagina-principal","status":"publish","type":"page","link":"https:\/\/artelectronicmedia.com\/es\/","title":{"rendered":"P\u00e1gina Principal"},"content":{"rendered":"\t\t<div data-elementor-type=\"wp-page\" data-elementor-id=\"3208\" class=\"elementor elementor-3208 elementor-3153\" data-elementor-post-type=\"page\">\n\t\t\t\t\t\t<section class=\"elementor-section elementor-top-section elementor-element elementor-element-642dc26e elementor-section-boxed elementor-section-height-default elementor-section-height-default\" data-id=\"642dc26e\" data-element_type=\"section\" data-e-type=\"section\">\n\t\t\t\t\t\t<div class=\"elementor-container elementor-column-gap-default\">\n\t\t\t\t\t<div class=\"elementor-column elementor-col-100 elementor-top-column elementor-element elementor-element-40a1de6a\" data-id=\"40a1de6a\" data-element_type=\"column\" data-e-type=\"column\">\n\t\t\t<div class=\"elementor-widget-wrap elementor-element-populated\">\n\t\t\t\t\t\t<div class=\"elementor-element elementor-element-18ab66f2 elementor-posts__hover-none elementor-grid-3 elementor-grid-tablet-2 elementor-grid-mobile-1 elementor-posts--thumbnail-top elementor-card-shadow-yes elementor-widget elementor-widget-posts\" data-id=\"18ab66f2\" data-element_type=\"widget\" data-e-type=\"widget\" data-settings=\"{&quot;pagination_type&quot;:&quot;prev_next&quot;,&quot;cards_row_gap&quot;:{&quot;unit&quot;:&quot;px&quot;,&quot;size&quot;:25,&quot;sizes&quot;:[]},&quot;cards_columns&quot;:&quot;3&quot;,&quot;cards_columns_tablet&quot;:&quot;2&quot;,&quot;cards_columns_mobile&quot;:&quot;1&quot;,&quot;cards_row_gap_tablet&quot;:{&quot;unit&quot;:&quot;px&quot;,&quot;size&quot;:&quot;&quot;,&quot;sizes&quot;:[]},&quot;cards_row_gap_mobile&quot;:{&quot;unit&quot;:&quot;px&quot;,&quot;size&quot;:&quot;&quot;,&quot;sizes&quot;:[]}}\" data-widget_type=\"posts.cards\">\n\t\t\t\t<div class=\"elementor-widget-container\">\n\t\t\t\t\t\t\t<div class=\"elementor-posts-container elementor-posts elementor-posts--skin-cards elementor-grid\">\n\t\t\t\t<article class=\"elementor-post elementor-grid-item post-3079 artwork type-artwork status-publish has-post-thumbnail hentry artist-rebecca-loyche streams-cuerpos streams-exposiciones-instituciones-comunidades-colaboraciones-es keywords-animales keywords-cibernetica keywords-comunicacion keywords-esp-es keywords-psibernetica keywords-telepatia decade-2010s-es media-video-es\">\n\t\t\t<div class=\"elementor-post__card\">\n\t\t\t\t<a class=\"elementor-post__thumbnail__link\" href=\"https:\/\/artelectronicmedia.com\/es\/artwork\/profesion-comunicador-animal\/\" tabindex=\"-1\" ><div class=\"elementor-post__thumbnail\"><img fetchpriority=\"high\" decoding=\"async\" width=\"400\" height=\"165\" src=\"https:\/\/artelectronicmedia.com\/wp-content\/uploads\/secondkath.jpg\" class=\"attachment-thumbnail size-thumbnail wp-image-3645\" alt=\"\" srcset=\"https:\/\/artelectronicmedia.com\/wp-content\/uploads\/secondkath.jpg 400w, https:\/\/artelectronicmedia.com\/wp-content\/uploads\/secondkath-300x124.jpg 300w\" sizes=\"(max-width: 400px) 100vw, 400px\" \/><\/div><\/a>\n\t\t\t\t<div class=\"elementor-post__text\">\n\t\t\t\t<h4 class=\"elementor-post__title\">\n\t\t\t<a href=\"https:\/\/artelectronicmedia.com\/es\/artwork\/profesion-comunicador-animal\/\" >\n\t\t\t\tProfesi\u00f3n- Comunicador animal\t\t\t<\/a>\n\t\t<\/h4>\n\t\t\n\t\t<a class=\"elementor-post__read-more\" href=\"https:\/\/artelectronicmedia.com\/es\/artwork\/profesion-comunicador-animal\/\" aria-label=\"M\u00e1s informaci\u00f3n sobre Profesi\u00f3n- Comunicador animal\" tabindex=\"-1\" >\n\t\t\tLeer m\u00e1s \u00bb\t\t<\/a>\n\n\t\t\t\t<\/div>\n\t\t\t\t\t<\/div>\n\t\t<\/article>\n\t\t\t\t<article class=\"elementor-post elementor-grid-item post-3081 artwork type-artwork status-publish has-post-thumbnail hentry artist-avital-meshi-es streams-redes-vigilancia-jamming-de-cultura streams-simulaciones-y-simulacra keywords-realidad-virtual decade-2010s-es media-others-es media-video-es\">\n\t\t\t<div class=\"elementor-post__card\">\n\t\t\t\t<a class=\"elementor-post__thumbnail__link\" href=\"https:\/\/artelectronicmedia.com\/es\/artwork\/sopa-virtual-casera\/\" tabindex=\"-1\" ><div class=\"elementor-post__thumbnail\"><img decoding=\"async\" width=\"450\" height=\"450\" src=\"https:\/\/artelectronicmedia.com\/wp-content\/uploads\/homemadevirtualsoup_orig-450x450.jpg\" class=\"attachment-thumbnail size-thumbnail wp-image-3465\" alt=\"\" srcset=\"https:\/\/artelectronicmedia.com\/wp-content\/uploads\/homemadevirtualsoup_orig-450x450.jpg 450w, https:\/\/artelectronicmedia.com\/wp-content\/uploads\/homemadevirtualsoup_orig-300x300.jpg 300w, https:\/\/artelectronicmedia.com\/wp-content\/uploads\/homemadevirtualsoup_orig-768x769.jpg 768w, https:\/\/artelectronicmedia.com\/wp-content\/uploads\/homemadevirtualsoup_orig.jpg 799w\" sizes=\"(max-width: 450px) 100vw, 450px\" \/><\/div><\/a>\n\t\t\t\t<div class=\"elementor-post__text\">\n\t\t\t\t<h4 class=\"elementor-post__title\">\n\t\t\t<a href=\"https:\/\/artelectronicmedia.com\/es\/artwork\/sopa-virtual-casera\/\" >\n\t\t\t\tSopa Virtual casera\t\t\t<\/a>\n\t\t<\/h4>\n\t\t\n\t\t<a class=\"elementor-post__read-more\" href=\"https:\/\/artelectronicmedia.com\/es\/artwork\/sopa-virtual-casera\/\" aria-label=\"M\u00e1s informaci\u00f3n sobre Sopa Virtual casera\" tabindex=\"-1\" >\n\t\t\tLeer m\u00e1s \u00bb\t\t<\/a>\n\n\t\t\t\t<\/div>\n\t\t\t\t\t<\/div>\n\t\t<\/article>\n\t\t\t\t<article class=\"elementor-post elementor-grid-item post-3083 artwork type-artwork status-publish has-post-thumbnail hentry artist-esther-polak-es artist-ivar-van-bekkum-es streams-formulario-codificado-y-produccion-electronica keywords-agricultura keywords-emocion keywords-gps-es keywords-humano keywords-localtivo keywords-locative-media-es keywords-movimiento keywords-viveres decade-2000s-es\">\n\t\t\t<div class=\"elementor-post__card\">\n\t\t\t\t<a class=\"elementor-post__thumbnail__link\" href=\"https:\/\/artelectronicmedia.com\/es\/artwork\/milkproject\/\" tabindex=\"-1\" ><div class=\"elementor-post__thumbnail\"><img decoding=\"async\" width=\"450\" height=\"426\" src=\"https:\/\/artelectronicmedia.com\/wp-content\/uploads\/Pasted-3-450x426.png\" class=\"attachment-thumbnail size-thumbnail wp-image-12367\" alt=\"\" \/><\/div><\/a>\n\t\t\t\t<div class=\"elementor-post__text\">\n\t\t\t\t<h4 class=\"elementor-post__title\">\n\t\t\t<a href=\"https:\/\/artelectronicmedia.com\/es\/artwork\/milkproject\/\" >\n\t\t\t\tMILKProject\t\t\t<\/a>\n\t\t<\/h4>\n\t\t\n\t\t<a class=\"elementor-post__read-more\" href=\"https:\/\/artelectronicmedia.com\/es\/artwork\/milkproject\/\" aria-label=\"M\u00e1s informaci\u00f3n sobre MILKProject\" tabindex=\"-1\" >\n\t\t\tLeer m\u00e1s \u00bb\t\t<\/a>\n\n\t\t\t\t<\/div>\n\t\t\t\t\t<\/div>\n\t\t<\/article>\n\t\t\t\t<article class=\"elementor-post elementor-grid-item post-3102 artwork type-artwork status-publish has-post-thumbnail hentry keywords-archivo keywords-arte-conceptual keywords-latinoamerica keywords-net-art-es\">\n\t\t\t<div class=\"elementor-post__card\">\n\t\t\t\t<a class=\"elementor-post__thumbnail__link\" href=\"https:\/\/artelectronicmedia.com\/es\/artwork\/base-de-datos-net-art-latino\/\" tabindex=\"-1\" ><div class=\"elementor-post__thumbnail\"><img loading=\"lazy\" decoding=\"async\" width=\"450\" height=\"450\" src=\"https:\/\/artelectronicmedia.com\/wp-content\/uploads\/47357602-7552d980-d6c7-11e8-90d0-491c47344d00-450x450.png\" class=\"attachment-thumbnail size-thumbnail wp-image-3366\" alt=\"\" \/><\/div><\/a>\n\t\t\t\t<div class=\"elementor-post__text\">\n\t\t\t\t<h4 class=\"elementor-post__title\">\n\t\t\t<a href=\"https:\/\/artelectronicmedia.com\/es\/artwork\/base-de-datos-net-art-latino\/\" >\n\t\t\t\tBase de datos Net Art Latino\t\t\t<\/a>\n\t\t<\/h4>\n\t\t\n\t\t<a class=\"elementor-post__read-more\" href=\"https:\/\/artelectronicmedia.com\/es\/artwork\/base-de-datos-net-art-latino\/\" aria-label=\"M\u00e1s informaci\u00f3n sobre Base de datos Net Art Latino\" tabindex=\"-1\" >\n\t\t\tLeer m\u00e1s \u00bb\t\t<\/a>\n\n\t\t\t\t<\/div>\n\t\t\t\t\t<\/div>\n\t\t<\/article>\n\t\t\t\t<article class=\"elementor-post elementor-grid-item post-3108 artwork type-artwork status-publish has-post-thumbnail hentry artist-ken-feingold streams-cuerpos-sustitutos-sistemas-emergentes-es keywords-ai-es keywords-animatronic-es keywords-cibernetico keywords-conversacion keywords-hablando keywords-inteligencia-artificial keywords-robotica decade-2000s-es\">\n\t\t\t<div class=\"elementor-post__card\">\n\t\t\t\t<a class=\"elementor-post__thumbnail__link\" href=\"https:\/\/artelectronicmedia.com\/es\/artwork\/el-animal-vegetal-mineralness-de-todo-de-ken-feingold\/\" tabindex=\"-1\" ><div class=\"elementor-post__thumbnail\"><img loading=\"lazy\" decoding=\"async\" width=\"450\" height=\"433\" src=\"https:\/\/artelectronicmedia.com\/wp-content\/uploads\/installed_med72-1-450x433.jpg\" class=\"attachment-thumbnail size-thumbnail wp-image-4059\" alt=\"\" \/><\/div><\/a>\n\t\t\t\t<div class=\"elementor-post__text\">\n\t\t\t\t<h4 class=\"elementor-post__title\">\n\t\t\t<a href=\"https:\/\/artelectronicmedia.com\/es\/artwork\/el-animal-vegetal-mineralness-de-todo-de-ken-feingold\/\" >\n\t\t\t\tEl animal, vegetal, mineralness de todo\t\t\t<\/a>\n\t\t<\/h4>\n\t\t\n\t\t<a class=\"elementor-post__read-more\" href=\"https:\/\/artelectronicmedia.com\/es\/artwork\/el-animal-vegetal-mineralness-de-todo-de-ken-feingold\/\" aria-label=\"M\u00e1s informaci\u00f3n sobre El animal, vegetal, mineralness de todo\" tabindex=\"-1\" >\n\t\t\tLeer m\u00e1s \u00bb\t\t<\/a>\n\n\t\t\t\t<\/div>\n\t\t\t\t\t<\/div>\n\t\t<\/article>\n\t\t\t\t<article class=\"elementor-post elementor-grid-item post-3110 artwork type-artwork status-publish has-post-thumbnail hentry artist-giles-walker streams-cuerpos-sustitutos-sistemas-emergentes-es streams-redes-vigilancia-jamming-de-cultura keywords-cctv-es keywords-robotica keywords-subterraneo keywords-vigilancia decade-2000s-es media-image-es media-others-es media-text-es media-video-es\">\n\t\t\t<div class=\"elementor-post__card\">\n\t\t\t\t<a class=\"elementor-post__thumbnail__link\" href=\"https:\/\/artelectronicmedia.com\/es\/artwork\/peepshow\/\" tabindex=\"-1\" ><div class=\"elementor-post__thumbnail\"><img loading=\"lazy\" decoding=\"async\" width=\"450\" height=\"300\" src=\"https:\/\/artelectronicmedia.com\/wp-content\/uploads\/45518702_robots_afp466b-1-450x300.jpg\" class=\"attachment-thumbnail size-thumbnail wp-image-5861\" alt=\"\" \/><\/div><\/a>\n\t\t\t\t<div class=\"elementor-post__text\">\n\t\t\t\t<h4 class=\"elementor-post__title\">\n\t\t\t<a href=\"https:\/\/artelectronicmedia.com\/es\/artwork\/peepshow\/\" >\n\t\t\t\tPeepshow\t\t\t<\/a>\n\t\t<\/h4>\n\t\t\n\t\t<a class=\"elementor-post__read-more\" href=\"https:\/\/artelectronicmedia.com\/es\/artwork\/peepshow\/\" aria-label=\"M\u00e1s informaci\u00f3n sobre Peepshow\" tabindex=\"-1\" >\n\t\t\tLeer m\u00e1s \u00bb\t\t<\/a>\n\n\t\t\t\t<\/div>\n\t\t\t\t\t<\/div>\n\t\t<\/article>\n\t\t\t\t<article class=\"elementor-post elementor-grid-item post-3114 artwork type-artwork status-publish has-post-thumbnail hentry artist-richard-vijgen streams-entornos-cargados streams-formulario-codificado-y-produccion-electronica decade-2010s-es media-image-es\">\n\t\t\t<div class=\"elementor-post__card\">\n\t\t\t\t<a class=\"elementor-post__thumbnail__link\" href=\"https:\/\/artelectronicmedia.com\/es\/artwork\/la-ciudad-eliminada\/\" tabindex=\"-1\" ><div class=\"elementor-post__thumbnail\"><img loading=\"lazy\" decoding=\"async\" width=\"450\" height=\"450\" src=\"https:\/\/artelectronicmedia.com\/wp-content\/uploads\/The-Deleted-City-Featured-450x450.jpg\" class=\"attachment-thumbnail size-thumbnail wp-image-13289\" alt=\"\" \/><\/div><\/a>\n\t\t\t\t<div class=\"elementor-post__text\">\n\t\t\t\t<h4 class=\"elementor-post__title\">\n\t\t\t<a href=\"https:\/\/artelectronicmedia.com\/es\/artwork\/la-ciudad-eliminada\/\" >\n\t\t\t\tLa ciudad eliminada\t\t\t<\/a>\n\t\t<\/h4>\n\t\t\n\t\t<a class=\"elementor-post__read-more\" href=\"https:\/\/artelectronicmedia.com\/es\/artwork\/la-ciudad-eliminada\/\" aria-label=\"M\u00e1s informaci\u00f3n sobre La ciudad eliminada\" tabindex=\"-1\" >\n\t\t\tLeer m\u00e1s \u00bb\t\t<\/a>\n\n\t\t\t\t<\/div>\n\t\t\t\t\t<\/div>\n\t\t<\/article>\n\t\t\t\t<article class=\"elementor-post elementor-grid-item post-3117 artwork type-artwork status-publish has-post-thumbnail hentry artist-ryoji-ikeda-es streams-formulario-codificado-y-produccion-electronica keywords-asimiento keywords-audiovisual-es keywords-efimero keywords-flujos-de-datos keywords-patron-de-prueba\">\n\t\t\t<div class=\"elementor-post__card\">\n\t\t\t\t<a class=\"elementor-post__thumbnail__link\" href=\"https:\/\/artelectronicmedia.com\/es\/artwork\/patron-de-prueba-de-ryoji-ikeda\/\" tabindex=\"-1\" ><div class=\"elementor-post__thumbnail\"><img loading=\"lazy\" decoding=\"async\" width=\"450\" height=\"360\" src=\"https:\/\/artelectronicmedia.com\/wp-content\/uploads\/8220-test-pattern-8221-by-ryoji-ikeda-68597939-450x360.jpg\" class=\"attachment-thumbnail size-thumbnail wp-image-13403\" alt=\"\" \/><\/div><\/a>\n\t\t\t\t<div class=\"elementor-post__text\">\n\t\t\t\t<h4 class=\"elementor-post__title\">\n\t\t\t<a href=\"https:\/\/artelectronicmedia.com\/es\/artwork\/patron-de-prueba-de-ryoji-ikeda\/\" >\n\t\t\t\t\u00abpatr\u00f3n de prueba\u00bb de Ryoji Ikeda\t\t\t<\/a>\n\t\t<\/h4>\n\t\t\n\t\t<a class=\"elementor-post__read-more\" href=\"https:\/\/artelectronicmedia.com\/es\/artwork\/patron-de-prueba-de-ryoji-ikeda\/\" aria-label=\"M\u00e1s informaci\u00f3n sobre \u00abpatr\u00f3n de prueba\u00bb de Ryoji Ikeda\" tabindex=\"-1\" >\n\t\t\tLeer m\u00e1s \u00bb\t\t<\/a>\n\n\t\t\t\t<\/div>\n\t\t\t\t\t<\/div>\n\t\t<\/article>\n\t\t\t\t<article class=\"elementor-post elementor-grid-item post-3122 artwork type-artwork status-publish has-post-thumbnail hentry artist-papel-rad streams-redes-vigilancia-jamming-de-cultura keywords-animacion keywords-mashup-es keywords-youtube-es decade-2000s-es media-video-es\">\n\t\t\t<div class=\"elementor-post__card\">\n\t\t\t\t<a class=\"elementor-post__thumbnail__link\" href=\"https:\/\/artelectronicmedia.com\/es\/artwork\/mi-pagina-de-inicio-favorita\/\" tabindex=\"-1\" ><div class=\"elementor-post__thumbnail\"><img loading=\"lazy\" decoding=\"async\" width=\"450\" height=\"358\" src=\"https:\/\/artelectronicmedia.com\/wp-content\/uploads\/mi-p-gina-de-inicio-favorita-cJoP4MkTnwQ-450x358.jpg\" class=\"attachment-thumbnail size-thumbnail wp-image-11386\" alt=\"\" \/><\/div><\/a>\n\t\t\t\t<div class=\"elementor-post__text\">\n\t\t\t\t<h4 class=\"elementor-post__title\">\n\t\t\t<a href=\"https:\/\/artelectronicmedia.com\/es\/artwork\/mi-pagina-de-inicio-favorita\/\" >\n\t\t\t\tMi p\u00e1gina de inicio favorita\t\t\t<\/a>\n\t\t<\/h4>\n\t\t\n\t\t<a class=\"elementor-post__read-more\" href=\"https:\/\/artelectronicmedia.com\/es\/artwork\/mi-pagina-de-inicio-favorita\/\" aria-label=\"M\u00e1s informaci\u00f3n sobre Mi p\u00e1gina de inicio favorita\" tabindex=\"-1\" >\n\t\t\tLeer m\u00e1s \u00bb\t\t<\/a>\n\n\t\t\t\t<\/div>\n\t\t\t\t\t<\/div>\n\t\t<\/article>\n\t\t\t\t<article class=\"elementor-post elementor-grid-item post-3123 artwork type-artwork status-publish has-post-thumbnail hentry artist-jay-alan-yim artist-localstyle artist-malcolm-maciver artist-marlena-novak streams-entornos-cargados streams-exposiciones-instituciones-comunidades-colaboraciones-es keywords-colaboracion keywords-interactividad keywords-pescado keywords-sonificacion keywords-sound-es decade-2010s-es media-installation-es media-video-es\">\n\t\t\t<div class=\"elementor-post__card\">\n\t\t\t\t<a class=\"elementor-post__thumbnail__link\" href=\"https:\/\/artelectronicmedia.com\/es\/artwork\/escala\/\" tabindex=\"-1\" ><div class=\"elementor-post__thumbnail\"><img loading=\"lazy\" decoding=\"async\" width=\"450\" height=\"450\" src=\"https:\/\/artelectronicmedia.com\/wp-content\/uploads\/Screen-Shot-2021-01-14-at-2.47.17-AM-450x450.png\" class=\"attachment-thumbnail size-thumbnail wp-image-13831\" alt=\"\" \/><\/div><\/a>\n\t\t\t\t<div class=\"elementor-post__text\">\n\t\t\t\t<h4 class=\"elementor-post__title\">\n\t\t\t<a href=\"https:\/\/artelectronicmedia.com\/es\/artwork\/escala\/\" >\n\t\t\t\tEscala\t\t\t<\/a>\n\t\t<\/h4>\n\t\t\n\t\t<a class=\"elementor-post__read-more\" href=\"https:\/\/artelectronicmedia.com\/es\/artwork\/escala\/\" aria-label=\"M\u00e1s informaci\u00f3n sobre Escala\" tabindex=\"-1\" >\n\t\t\tLeer m\u00e1s \u00bb\t\t<\/a>\n\n\t\t\t\t<\/div>\n\t\t\t\t\t<\/div>\n\t\t<\/article>\n\t\t\t\t<article class=\"elementor-post elementor-grid-item post-3130 artwork type-artwork status-publish has-post-thumbnail hentry artist-michael-mandiberg-es streams-redes-vigilancia-jamming-de-cultura keywords-costos-reales keywords-michael-mandiberg-es\">\n\t\t\t<div class=\"elementor-post__card\">\n\t\t\t\t<a class=\"elementor-post__thumbnail__link\" href=\"https:\/\/artelectronicmedia.com\/es\/artwork\/los-costos-reales\/\" tabindex=\"-1\" ><div class=\"elementor-post__thumbnail\"><img loading=\"lazy\" decoding=\"async\" width=\"450\" height=\"450\" src=\"https:\/\/artelectronicmedia.com\/wp-content\/uploads\/realcosts-1024x714-3-450x450.png\" class=\"attachment-thumbnail size-thumbnail wp-image-4470\" alt=\"\" \/><\/div><\/a>\n\t\t\t\t<div class=\"elementor-post__text\">\n\t\t\t\t<h4 class=\"elementor-post__title\">\n\t\t\t<a href=\"https:\/\/artelectronicmedia.com\/es\/artwork\/los-costos-reales\/\" >\n\t\t\t\tLos costos reales\t\t\t<\/a>\n\t\t<\/h4>\n\t\t\n\t\t<a class=\"elementor-post__read-more\" href=\"https:\/\/artelectronicmedia.com\/es\/artwork\/los-costos-reales\/\" aria-label=\"M\u00e1s informaci\u00f3n sobre Los costos reales\" tabindex=\"-1\" >\n\t\t\tLeer m\u00e1s \u00bb\t\t<\/a>\n\n\t\t\t\t<\/div>\n\t\t\t\t\t<\/div>\n\t\t<\/article>\n\t\t\t\t<article class=\"elementor-post elementor-grid-item post-3131 artwork type-artwork status-publish has-post-thumbnail hentry artist-michael-mandiberg streams-formulario-codificado-y-produccion-electronica keywords-copyright-es keywords-depresion keywords-remediacion-es keywords-walker-evans-es decade-2000s-es media-others-es\">\n\t\t\t<div class=\"elementor-post__card\">\n\t\t\t\t<a class=\"elementor-post__thumbnail__link\" href=\"https:\/\/artelectronicmedia.com\/es\/artwork\/aftersherrielevine-com-michael-mandiberg\/\" tabindex=\"-1\" ><div class=\"elementor-post__thumbnail\"><img loading=\"lazy\" decoding=\"async\" width=\"450\" height=\"450\" src=\"https:\/\/artelectronicmedia.com\/wp-content\/uploads\/afterwalkerevans4-1-450x450.jpg\" class=\"attachment-thumbnail size-thumbnail wp-image-4860\" alt=\"\" \/><\/div><\/a>\n\t\t\t\t<div class=\"elementor-post__text\">\n\t\t\t\t<h4 class=\"elementor-post__title\">\n\t\t\t<a href=\"https:\/\/artelectronicmedia.com\/es\/artwork\/aftersherrielevine-com-michael-mandiberg\/\" >\n\t\t\t\taftersherrielevine.com\t\t\t<\/a>\n\t\t<\/h4>\n\t\t\n\t\t<a class=\"elementor-post__read-more\" href=\"https:\/\/artelectronicmedia.com\/es\/artwork\/aftersherrielevine-com-michael-mandiberg\/\" aria-label=\"M\u00e1s informaci\u00f3n sobre aftersherrielevine.com\" tabindex=\"-1\" >\n\t\t\tLeer m\u00e1s \u00bb\t\t<\/a>\n\n\t\t\t\t<\/div>\n\t\t\t\t\t<\/div>\n\t\t<\/article>\n\t\t\t\t<\/div>\n\t\t\n\t\t\t\t\t\t<\/div>\n\t\t\t\t<\/div>\n\t\t\t\t\t<\/div>\n\t\t<\/div>\n\t\t\t\t\t<\/div>\n\t\t<\/section>\n\t\t\t\t<\/div>\n\t\t","protected":false},"excerpt":{"rendered":"","protected":false},"author":48128,"featured_media":3254,"parent":0,"menu_order":0,"comment_status":"closed","ping_status":"closed","template":"elementor_header_footer","meta":{"footnotes":""},"class_list":["post-3208","page","type-page","status-publish","has-post-thumbnail","hentry"],"_links":{"self":[{"href":"https:\/\/artelectronicmedia.com\/es\/wp-json\/wp\/v2\/pages\/3208","targetHints":{"allow":["GET"]}}],"collection":[{"href":"https:\/\/artelectronicmedia.com\/es\/wp-json\/wp\/v2\/pages"}],"about":[{"href":"https:\/\/artelectronicmedia.com\/es\/wp-json\/wp\/v2\/types\/page"}],"author":[{"embeddable":true,"href":"https:\/\/artelectronicmedia.com\/es\/wp-json\/wp\/v2\/users\/48128"}],"replies":[{"embeddable":true,"href":"https:\/\/artelectronicmedia.com\/es\/wp-json\/wp\/v2\/comments?post=3208"}],"version-history":[{"count":9,"href":"https:\/\/artelectronicmedia.com\/es\/wp-json\/wp\/v2\/pages\/3208\/revisions"}],"predecessor-version":[{"id":11674,"href":"https:\/\/artelectronicmedia.com\/es\/wp-json\/wp\/v2\/pages\/3208\/revisions\/11674"}],"wp:featuredmedia":[{"embeddable":true,"href":"https:\/\/artelectronicmedia.com\/es\/wp-json\/wp\/v2\/media\/3254"}],"wp:attachment":[{"href":"https:\/\/artelectronicmedia.com\/es\/wp-json\/wp\/v2\/media?parent=3208"}],"curies":[{"name":"wp","href":"https:\/\/api.w.org\/{rel}","templated":true}]}}