{"id":10,"date":"2013-10-02T09:32:47","date_gmt":"2013-10-02T16:32:47","guid":{"rendered":"http:\/\/artelectronicmedia.com\/sobre-nosotros\/"},"modified":"2013-10-02T09:32:47","modified_gmt":"2013-10-02T16:32:47","slug":"sobre-nosotros","status":"publish","type":"page","link":"https:\/\/artelectronicmedia.com\/es\/sobre-nosotros\/","title":{"rendered":"Sobre Nosotros"},"content":{"rendered":"<p><img fetchpriority=\"high\" decoding=\"async\" alt=\"compArtssemphoto09.jpg\" height=\"379\" src=\"\/wp-content\/uploads\/images\/u5\/compArtssemphoto09.jpg\" width=\"600\" \/><\/p>\n<p>&#13;<\/p>\n<p>El Online Companion surgi\u00f3 como un proyecto de una semana de seminario MA intensivo en el <a href=\"http:\/\/viola.informatik.uni-bremen.de\/typo\/\">Centro de compartimiento para la Excelencia en el Arte Digital<\/a> de la Universidad de Bremen. Diecisiete estudiantes trabajaron juntos para desarrollar la interfaz web y el contenido inicial. En efecto, la creaci\u00f3n de contenidos y dise\u00f1o de sitios web mutuamente informados entre s\u00ed, por lo que el sitio se ha convertido &#8211; y seguir\u00e1 a surgir &#8211; de un proceso altamente colaborativo. Los desarrolladores de Drupal de plomo fueron <a href=\"https:\/\/valderama.net\/\">Walter Jenner<\/a> y Tim Mundt. Cristina Botta, Marten M\u00fcller, Ryan Scoville, Jan Smeddinck, y otros tambi\u00e9n han contribuido a la arquitectura y el dise\u00f1o del sitio. Otros miembros del seminario incluyen Muhammad Abu Hasan, Yuling Chen, Vanessa Cort\u00e9s, Leonardo De Ara\u00fajo, Andre Hoffmann, Isabella Lomanto, Marten M\u00fcller, Adeel Naveed, Thamya Rocha, Jan Smeddinck, Hemant Sreekumar, Leen Touma, Chris Trappe, Jana Wedekind.\u00a0 Agradecimiento especial a Andr\u00e9s Salgado \/ Zonarix (Quito) en busca de ayuda con el sitio multiling\u00fce y Tim Mundt por su constante dedicaci\u00f3n a la Companion Online.<\/p>\n<p>&#13;<\/p>\n<p>P\u00f3ngase en contacto con el <a href=\"mailto:wizard%40artelectronicmedia.com\">webmaster<\/a> para obtener m\u00e1s informaci\u00f3n<\/p>\n<p>&#13;<\/p>\n","protected":false},"excerpt":{"rendered":"<p><img fetchpriority=\"high\" decoding=\"async\" alt=\"compArtssemphoto09.jpg\" height=\"379\" src=\"\/wp-content\/uploads\/images\/u5\/compArtssemphoto09.jpg\" width=\"600\" \/><\/p>\n<p>&#13;<\/p>\n","protected":false},"author":1,"featured_media":0,"parent":0,"menu_order":0,"comment_status":"open","ping_status":"closed","template":"","meta":{"footnotes":""},"class_list":["post-10","page","type-page","status-publish","hentry"],"_links":{"self":[{"href":"https:\/\/artelectronicmedia.com\/es\/wp-json\/wp\/v2\/pages\/10","targetHints":{"allow":["GET"]}}],"collection":[{"href":"https:\/\/artelectronicmedia.com\/es\/wp-json\/wp\/v2\/pages"}],"about":[{"href":"https:\/\/artelectronicmedia.com\/es\/wp-json\/wp\/v2\/types\/page"}],"author":[{"embeddable":true,"href":"https:\/\/artelectronicmedia.com\/es\/wp-json\/wp\/v2\/users\/1"}],"replies":[{"embeddable":true,"href":"https:\/\/artelectronicmedia.com\/es\/wp-json\/wp\/v2\/comments?post=10"}],"version-history":[{"count":0,"href":"https:\/\/artelectronicmedia.com\/es\/wp-json\/wp\/v2\/pages\/10\/revisions"}],"wp:attachment":[{"href":"https:\/\/artelectronicmedia.com\/es\/wp-json\/wp\/v2\/media?parent=10"}],"curies":[{"name":"wp","href":"https:\/\/api.w.org\/{rel}","templated":true}]}}