{"id":8,"date":"2009-07-16T06:44:58","date_gmt":"2009-07-16T13:44:58","guid":{"rendered":"http:\/\/artelectronicmedia.com\/about\/"},"modified":"2009-07-16T06:44:58","modified_gmt":"2009-07-16T13:44:58","slug":"about","status":"publish","type":"page","link":"https:\/\/artelectronicmedia.com\/en\/about\/","title":{"rendered":"About"},"content":{"rendered":"<p><img fetchpriority=\"high\" decoding=\"async\" src=\"\/wp-content\/uploads\/images\/u5\/compArtssemphoto09.jpg\" height=\"379\" width=\"600\" \/><\/p>\n<p>The Art and Electronic Media Online Companion emerged as a project of an intensive one-week MA seminar at the <a href=\"http:\/\/viola.informatik.uni-bremen.de\/typo\/\">compArt Center for Excellence in Digital Art<\/a> at the University of Bremen.\u00a0 Seventeen students worked together to develop the web interface and initial content. Indeed, content creation and website design mutually informed each other, so the site has emerged &#8211; and will continue to emerge &#8211; from a highly collaborative process. The lead Drupal developers were <a href=\"https:\/\/valderama.net\/\" title=\"Personal Website of Walter Jenner\">Walter Jenner<\/a> and Tim Mundt. Cristina Botta, Marten M\u00fcller, Ryan Scoville, Jan Smeddinck, and others also contributed to the architecture and design of the site. Other seminar members included Muhammad Abu Hasan, Yuling Chen, Vanessa Cort\u00e9s, Leonardo De Ara\u00fajo, Andre Hoffmann, Isabella Lomanto, Marten M\u00fcller, Adeel Naveed, Thamya Rocha, Jan Smeddinck, Hemant Sreekumar, Leen Touma, Chris Trappe, Jana Wedekind.\u00a0<\/p>\n<p>For more information please contact the <a href=\"mailto:%77%69%7a%61%72%64%40%61%72%74%65%6c%65%63%74%72%6f%6e%69%63%6d%65%64%69%61%2e%63%6f%6d\">Webmaster<\/a>.<\/p>\n","protected":false},"excerpt":{"rendered":"<p><img fetchpriority=\"high\" decoding=\"async\" src=\"\/wp-content\/uploads\/images\/u5\/compArtssemphoto09.jpg\" height=\"379\" width=\"600\" \/><\/p>\n","protected":false},"author":3,"featured_media":0,"parent":0,"menu_order":0,"comment_status":"open","ping_status":"closed","template":"","meta":{"footnotes":""},"class_list":["post-8","page","type-page","status-publish","hentry"],"_links":{"self":[{"href":"https:\/\/artelectronicmedia.com\/en\/wp-json\/wp\/v2\/pages\/8","targetHints":{"allow":["GET"]}}],"collection":[{"href":"https:\/\/artelectronicmedia.com\/en\/wp-json\/wp\/v2\/pages"}],"about":[{"href":"https:\/\/artelectronicmedia.com\/en\/wp-json\/wp\/v2\/types\/page"}],"author":[{"embeddable":true,"href":"https:\/\/artelectronicmedia.com\/en\/wp-json\/wp\/v2\/users\/3"}],"replies":[{"embeddable":true,"href":"https:\/\/artelectronicmedia.com\/en\/wp-json\/wp\/v2\/comments?post=8"}],"version-history":[{"count":0,"href":"https:\/\/artelectronicmedia.com\/en\/wp-json\/wp\/v2\/pages\/8\/revisions"}],"wp:attachment":[{"href":"https:\/\/artelectronicmedia.com\/en\/wp-json\/wp\/v2\/media?parent=8"}],"curies":[{"name":"wp","href":"https:\/\/api.w.org\/{rel}","templated":true}]}}